{"id":912,"date":"2020-09-05T22:38:58","date_gmt":"2020-09-05T20:38:58","guid":{"rendered":"http:\/\/localhost:8080\/?page_id=912"},"modified":"2026-01-21T20:06:02","modified_gmt":"2026-01-21T19:06:02","slug":"stellenangebote","status":"publish","type":"page","link":"https:\/\/bioland-baumschule.de\/?page_id=912","title":{"rendered":"Stellenangebote"},"content":{"rendered":"<p>Wir suchen zum n\u00e4chstm\u00f6glichen Zeitpunkt<\/p>\n<h1>G\u00e4rtnerIN<\/h1>\n<h3>Fachrichtung Baumschule \/ Stauden, idealerweise Meister\/in o.\u00e4.<br \/>\nBei Interesse auch als BetriebsleiterIN<\/h3>\n<p>f\u00fcr die Bereiche Anbau und Vermehrung, Freiland und Container, Organisation von Wiederverk\u00e4ufer-Bestellungen sowie den Privatverkauf.<\/p>\n<hr \/>\n<h1>BaumschulhelferIN<\/h1>\n<p>zur Pflanzenpflege, zum gie\u00dfen, topfen, st\u00e4ben, schneiden und f\u00fcr weitere anfallende Aufgaben.<\/p>\n<hr \/>\n<h1>MitarbeiterIN im Ginkgo-Naturkostladen<\/h1>\n<p>Bewerbungen bitte an <strong><a title=\"info@localhost:8080\" href=\"mailto:info@bioland-baumschule.de\" target=\"_blank\" rel=\"noopener\">info@bioland-baumschule.de<\/a><\/strong>\u00a0oder per Telefon unter\u00a0<strong>04473 1335<\/strong><\/p>\n<p>&nbsp;<\/p>\n<p><img data-dominant-color=\"aec4b1\" data-has-transparency=\"false\" style=\"--dominant-color: #aec4b1;\" loading=\"lazy\" decoding=\"async\" class=\"not-transparent size-full wp-image-1003 aligncenter\" src=\"https:\/\/bioland-baumschule.de\/wp-content\/uploads\/bioland_baumschule_stellenanzeige.png\" alt=\"\" width=\"729\" height=\"788\" srcset=\"https:\/\/bioland-baumschule.de\/wp-content\/uploads\/bioland_baumschule_stellenanzeige.png 729w, https:\/\/bioland-baumschule.de\/wp-content\/uploads\/bioland_baumschule_stellenanzeige-125x135.png 125w, https:\/\/bioland-baumschule.de\/wp-content\/uploads\/bioland_baumschule_stellenanzeige-480x519.png 480w\" sizes=\"auto, (max-width: 729px) 100vw, 729px\" \/><\/p>\n<p>&nbsp;<\/p>\n","protected":false},"excerpt":{"rendered":"<p>Wir suchen zum n\u00e4chstm\u00f6glichen Zeitpunkt G\u00e4rtnerIN Fachrichtung Baumschule \/ Stauden, idealerweise Meister\/in o.\u00e4. Bei Interesse [&hellip;]<\/p>\n","protected":false},"author":3,"featured_media":280,"parent":0,"menu_order":0,"comment_status":"closed","ping_status":"closed","template":"","meta":{"footnotes":""},"class_list":["post-912","page","type-page","status-publish","has-post-thumbnail","hentry"],"_links":{"self":[{"href":"https:\/\/bioland-baumschule.de\/index.php?rest_route=\/wp\/v2\/pages\/912","targetHints":{"allow":["GET"]}}],"collection":[{"href":"https:\/\/bioland-baumschule.de\/index.php?rest_route=\/wp\/v2\/pages"}],"about":[{"href":"https:\/\/bioland-baumschule.de\/index.php?rest_route=\/wp\/v2\/types\/page"}],"author":[{"embeddable":true,"href":"https:\/\/bioland-baumschule.de\/index.php?rest_route=\/wp\/v2\/users\/3"}],"replies":[{"embeddable":true,"href":"https:\/\/bioland-baumschule.de\/index.php?rest_route=%2Fwp%2Fv2%2Fcomments&post=912"}],"version-history":[{"count":7,"href":"https:\/\/bioland-baumschule.de\/index.php?rest_route=\/wp\/v2\/pages\/912\/revisions"}],"predecessor-version":[{"id":1005,"href":"https:\/\/bioland-baumschule.de\/index.php?rest_route=\/wp\/v2\/pages\/912\/revisions\/1005"}],"wp:featuredmedia":[{"embeddable":true,"href":"https:\/\/bioland-baumschule.de\/index.php?rest_route=\/wp\/v2\/media\/280"}],"wp:attachment":[{"href":"https:\/\/bioland-baumschule.de\/index.php?rest_route=%2Fwp%2Fv2%2Fmedia&parent=912"}],"curies":[{"name":"wp","href":"https:\/\/api.w.org\/{rel}","templated":true}]}}