{"id":900,"date":"2020-04-21T19:16:15","date_gmt":"2020-04-21T17:16:15","guid":{"rendered":"http:\/\/localhost:8080\/?page_id=900"},"modified":"2020-04-21T19:17:11","modified_gmt":"2020-04-21T17:17:11","slug":"eler-foerderung","status":"publish","type":"page","link":"https:\/\/bioland-baumschule.de\/?page_id=900","title":{"rendered":"ELER-F\u00f6rderung"},"content":{"rendered":"<h2>Europ\u00e4ischer Landwirtschaftsfonds f\u00fcr die Entwicklung des l\u00e4ndlichen Raums<\/h2>\n<p><a href=\"http:\/\/eler.niedersachsen.de\" rel=\"noopener\"><img data-dominant-color=\"4780af\" data-has-transparency=\"false\" style=\"--dominant-color: #4780af;\" loading=\"lazy\" decoding=\"async\" class=\"not-transparent aligncenter size-full wp-image-901\" src=\"https:\/\/bioland-baumschule.de\/wp-content\/uploads\/eler_foerderung-e1587489082481.jpg\" alt=\"ELER F\u00f6rderung\" width=\"300\" height=\"288\" \/><\/a><\/p>\n<h3>AUM &#8211; &#8222;Agrarumwelt- und Klimaschutzma\u00dfnahmen&#8220;<\/h3>\n<p>Mit diesen Ma\u00dfnahmen werden landwirtschaftliche Betriebe bei der Erhaltung<br \/>\nund Verbesserung der Umweltsituation unterst\u00fctzt. Ziel ist eine nachhaltige<br \/>\nund ressourcenschonende Bewirtschaftung in Bezug auf Artenvielfalt, Boden,<br \/>\nWasser und den Schutz des Klimas.<\/p>\n<h3>\u00d6kolandbau &#8211; &#8222;\u00d6kologischer\/biologischer Landbau&#8220;<\/h3>\n<p>Mit dieser Ma\u00dfnahme werden landwirtschaftliche Betriebe bei der Einf\u00fchrung<br \/>\nvon \u00f6kologischer Landwirtschaft und deren Beibehaltung unterst\u00fctzt.<\/p>\n<p>Weitere Informationen finden Sie unter <a title=\"Europ\u00e4ischer Landwirtschaftsfonds f\u00fcr die Entwicklung des l\u00e4ndlichen Raums\" href=\"https:\/\/eler.niedersachsen.de\" rel=\"noopener\">www.eler.niedersachsen.de<\/a><\/p>\n<p>&nbsp;<\/p>\n","protected":false},"excerpt":{"rendered":"<p>Europ\u00e4ischer Landwirtschaftsfonds f\u00fcr die Entwicklung des l\u00e4ndlichen Raums AUM &#8211; &#8222;Agrarumwelt- und Klimaschutzma\u00dfnahmen&#8220; Mit diesen [&hellip;]<\/p>\n","protected":false},"author":3,"featured_media":279,"parent":0,"menu_order":0,"comment_status":"closed","ping_status":"closed","template":"","meta":{"footnotes":""},"class_list":["post-900","page","type-page","status-publish","has-post-thumbnail","hentry"],"_links":{"self":[{"href":"https:\/\/bioland-baumschule.de\/index.php?rest_route=\/wp\/v2\/pages\/900","targetHints":{"allow":["GET"]}}],"collection":[{"href":"https:\/\/bioland-baumschule.de\/index.php?rest_route=\/wp\/v2\/pages"}],"about":[{"href":"https:\/\/bioland-baumschule.de\/index.php?rest_route=\/wp\/v2\/types\/page"}],"author":[{"embeddable":true,"href":"https:\/\/bioland-baumschule.de\/index.php?rest_route=\/wp\/v2\/users\/3"}],"replies":[{"embeddable":true,"href":"https:\/\/bioland-baumschule.de\/index.php?rest_route=%2Fwp%2Fv2%2Fcomments&post=900"}],"version-history":[{"count":5,"href":"https:\/\/bioland-baumschule.de\/index.php?rest_route=\/wp\/v2\/pages\/900\/revisions"}],"predecessor-version":[{"id":906,"href":"https:\/\/bioland-baumschule.de\/index.php?rest_route=\/wp\/v2\/pages\/900\/revisions\/906"}],"wp:featuredmedia":[{"embeddable":true,"href":"https:\/\/bioland-baumschule.de\/index.php?rest_route=\/wp\/v2\/media\/279"}],"wp:attachment":[{"href":"https:\/\/bioland-baumschule.de\/index.php?rest_route=%2Fwp%2Fv2%2Fmedia&parent=900"}],"curies":[{"name":"wp","href":"https:\/\/api.w.org\/{rel}","templated":true}]}}