{"id":27,"date":"2013-03-13T11:17:15","date_gmt":"2013-03-13T09:17:15","guid":{"rendered":"http:\/\/www1.localhost:8080\/wordpress\/?page_id=27"},"modified":"2013-03-17T16:14:36","modified_gmt":"2013-03-17T14:14:36","slug":"naturkostladen","status":"publish","type":"page","link":"https:\/\/bioland-baumschule.de\/?page_id=27","title":{"rendered":"Naturkostladen"},"content":{"rendered":"<p>Seit Fr\u00fchjahr 1997 bietet der Ginkgo-Naturkostladen ein breites Lebensmittelsortiment aus kontrolliert-biologischem Anbau und entsprechender Verarbeitung an. Unsere Produkte beziehen wir vorrangig von regionalen Herstellern und H\u00e4ndlern mit Demeter-, Bioland- oder Naturland-Siegel.<\/p>\n<ul>\n<li>Brot und Backwaren von der <a href=\"http:\/\/www.diekhaus-landbaeckerei.de\/\" target=\"_blank\" rel=\"noopener\">Landb\u00e4ckerei Diekhaus<\/a>, Goldenstedt<\/li>\n<li>Obst und Gem\u00fcse u.a. von der Obst- und Gem\u00fcseg\u00e4rtnerei Klaus, H\u00f6ltinghausen, vom Biopilzhof Wulfers in Hoheging sowie vom <a href=\"http:\/\/www.bioaugustin.de\/de\/\" target=\"_blank\" rel=\"noopener\">Hof-Augustin<\/a>, Jork<\/li>\n<li>Kartoffeln und Eier vom Hof H\u00f6gemann, Dwergte<\/li>\n<li>Fleisch vom <a href=\"http:\/\/www.biofleisch-bakenhus.de\/\" target=\"_blank\" rel=\"noopener\">Biohof Bakenhus<\/a>, Gro\u00dfenkneten<\/li>\n<li>Molkereiprodukte von <a href=\"http:\/\/www.soebbeke.de\/\" target=\"_blank\" rel=\"noopener\">S\u00f6bbeke<\/a>, Gronau<\/li>\n<li>au\u00dferdem finden Sie in unserem Sortiment S\u00e4fte von <a href=\"http:\/\/www.voelkeljuice.de\/\" target=\"_blank\" rel=\"noopener\">Voelkel<\/a>, Aufstriche von <a href=\"http:\/\/www.zwergenwiese.de\/\" target=\"_blank\" rel=\"noopener\">Zwergenwiese<\/a>, Produkte von der Hofmanufaktur <a href=\"http:\/\/www.allos.de\/\" target=\"_blank\" rel=\"noopener\">Allos <\/a>sowie Tofu von <a href=\"http:\/\/www.nordwind-tofu.de\/\" target=\"_blank\" rel=\"noopener\">Nordwind<\/a> und <a href=\"http:\/\/www.taifun-tofu.de\/de\/\" target=\"_blank\" rel=\"noopener\">Taifun<\/a><\/li>\n<\/ul>\n\n\t\t<style type=\"text\/css\">\n\t\t\t#gallery-1 {\n\t\t\t\tmargin: auto;\n\t\t\t}\n\t\t\t#gallery-1 .gallery-item {\n\t\t\t\tfloat: left;\n\t\t\t\tmargin-top: 10px;\n\t\t\t\ttext-align: center;\n\t\t\t\twidth: 25%;\n\t\t\t}\n\t\t\t#gallery-1 img {\n\t\t\t\tborder: 2px solid #cfcfcf;\n\t\t\t}\n\t\t\t#gallery-1 .gallery-caption {\n\t\t\t\tmargin-left: 0;\n\t\t\t}\n\t\t\t\/* see gallery_shortcode() in wp-includes\/media.php *\/\n\t\t<\/style>\n\t\t<div id='gallery-1' class='gallery galleryid-27 gallery-columns-4 gallery-size-thumbnail'><dl class='gallery-item'>\n\t\t\t<dt class='gallery-icon landscape'>\n\t\t\t\t<a href=\"https:\/\/bioland-baumschule.de\/?attachment_id=213\"><img loading=\"lazy\" decoding=\"async\" width=\"150\" height=\"150\" src=\"https:\/\/bioland-baumschule.de\/wp-content\/uploads\/backwaren-150x150.webp\" class=\"attachment-thumbnail size-thumbnail not-transparent\" alt=\"\" srcset=\"https:\/\/bioland-baumschule.de\/wp-content\/uploads\/backwaren-150x150.webp 150w, https:\/\/bioland-baumschule.de\/wp-content\/uploads\/backwaren-50x50.webp 50w, https:\/\/bioland-baumschule.de\/wp-content\/uploads\/backwaren-56x56.webp 56w, https:\/\/bioland-baumschule.de\/wp-content\/uploads\/backwaren-250x250.webp 250w, https:\/\/bioland-baumschule.de\/wp-content\/uploads\/backwaren-40x40.webp 40w\" sizes=\"auto, (max-width: 150px) 100vw, 150px\" data-has-transparency=\"false\" data-dominant-color=\"a76c3e\" style=\"--dominant-color: #a76c3e;\" \/><\/a>\n\t\t\t<\/dt><\/dl><dl class='gallery-item'>\n\t\t\t<dt class='gallery-icon landscape'>\n\t\t\t\t<a href=\"https:\/\/bioland-baumschule.de\/?attachment_id=214\"><img loading=\"lazy\" decoding=\"async\" width=\"150\" height=\"150\" src=\"https:\/\/bioland-baumschule.de\/wp-content\/uploads\/getreide-150x150.webp\" class=\"attachment-thumbnail size-thumbnail not-transparent\" alt=\"\" srcset=\"https:\/\/bioland-baumschule.de\/wp-content\/uploads\/getreide-150x150.webp 150w, https:\/\/bioland-baumschule.de\/wp-content\/uploads\/getreide-50x50.webp 50w, https:\/\/bioland-baumschule.de\/wp-content\/uploads\/getreide-56x56.webp 56w, https:\/\/bioland-baumschule.de\/wp-content\/uploads\/getreide-250x250.webp 250w, https:\/\/bioland-baumschule.de\/wp-content\/uploads\/getreide-40x40.webp 40w\" sizes=\"auto, (max-width: 150px) 100vw, 150px\" data-has-transparency=\"false\" data-dominant-color=\"7f5f33\" style=\"--dominant-color: #7f5f33;\" \/><\/a>\n\t\t\t<\/dt><\/dl><dl class='gallery-item'>\n\t\t\t<dt class='gallery-icon landscape'>\n\t\t\t\t<a href=\"https:\/\/bioland-baumschule.de\/?attachment_id=217\"><img loading=\"lazy\" decoding=\"async\" width=\"150\" height=\"150\" src=\"https:\/\/bioland-baumschule.de\/wp-content\/uploads\/obst_gemuese_I-150x150.webp\" class=\"attachment-thumbnail size-thumbnail not-transparent\" alt=\"\" srcset=\"https:\/\/bioland-baumschule.de\/wp-content\/uploads\/obst_gemuese_I-150x150.webp 150w, https:\/\/bioland-baumschule.de\/wp-content\/uploads\/obst_gemuese_I-50x50.webp 50w, https:\/\/bioland-baumschule.de\/wp-content\/uploads\/obst_gemuese_I-56x56.webp 56w, https:\/\/bioland-baumschule.de\/wp-content\/uploads\/obst_gemuese_I-250x250.webp 250w, https:\/\/bioland-baumschule.de\/wp-content\/uploads\/obst_gemuese_I-40x40.webp 40w\" sizes=\"auto, (max-width: 150px) 100vw, 150px\" data-has-transparency=\"false\" data-dominant-color=\"6e784f\" style=\"--dominant-color: #6e784f;\" \/><\/a>\n\t\t\t<\/dt><\/dl><dl class='gallery-item'>\n\t\t\t<dt class='gallery-icon landscape'>\n\t\t\t\t<a href=\"https:\/\/bioland-baumschule.de\/?attachment_id=218\"><img loading=\"lazy\" decoding=\"async\" width=\"150\" height=\"150\" src=\"https:\/\/bioland-baumschule.de\/wp-content\/uploads\/obst_gemuese_II-150x150.webp\" class=\"attachment-thumbnail size-thumbnail not-transparent\" alt=\"\" srcset=\"https:\/\/bioland-baumschule.de\/wp-content\/uploads\/obst_gemuese_II-150x150.webp 150w, https:\/\/bioland-baumschule.de\/wp-content\/uploads\/obst_gemuese_II-50x50.webp 50w, https:\/\/bioland-baumschule.de\/wp-content\/uploads\/obst_gemuese_II-56x56.webp 56w, https:\/\/bioland-baumschule.de\/wp-content\/uploads\/obst_gemuese_II-250x250.webp 250w, https:\/\/bioland-baumschule.de\/wp-content\/uploads\/obst_gemuese_II-40x40.webp 40w\" sizes=\"auto, (max-width: 150px) 100vw, 150px\" data-has-transparency=\"false\" data-dominant-color=\"6a6649\" style=\"--dominant-color: #6a6649;\" \/><\/a>\n\t\t\t<\/dt><\/dl><br style=\"clear: both\" \/><dl class='gallery-item'>\n\t\t\t<dt class='gallery-icon landscape'>\n\t\t\t\t<a href=\"https:\/\/bioland-baumschule.de\/?attachment_id=219\"><img loading=\"lazy\" decoding=\"async\" width=\"150\" height=\"150\" src=\"https:\/\/bioland-baumschule.de\/wp-content\/uploads\/obst_gemuese_III-150x150.webp\" class=\"attachment-thumbnail size-thumbnail not-transparent\" alt=\"\" srcset=\"https:\/\/bioland-baumschule.de\/wp-content\/uploads\/obst_gemuese_III-150x150.webp 150w, https:\/\/bioland-baumschule.de\/wp-content\/uploads\/obst_gemuese_III-50x50.webp 50w, https:\/\/bioland-baumschule.de\/wp-content\/uploads\/obst_gemuese_III-56x56.webp 56w, https:\/\/bioland-baumschule.de\/wp-content\/uploads\/obst_gemuese_III-250x250.webp 250w, https:\/\/bioland-baumschule.de\/wp-content\/uploads\/obst_gemuese_III-40x40.webp 40w\" sizes=\"auto, (max-width: 150px) 100vw, 150px\" data-has-transparency=\"false\" data-dominant-color=\"855d3f\" style=\"--dominant-color: #855d3f;\" \/><\/a>\n\t\t\t<\/dt><\/dl><dl class='gallery-item'>\n\t\t\t<dt class='gallery-icon landscape'>\n\t\t\t\t<a href=\"https:\/\/bioland-baumschule.de\/?attachment_id=220\"><img loading=\"lazy\" decoding=\"async\" width=\"150\" height=\"150\" src=\"https:\/\/bioland-baumschule.de\/wp-content\/uploads\/saefte_voelkel-150x150.webp\" class=\"attachment-thumbnail size-thumbnail not-transparent\" alt=\"\" srcset=\"https:\/\/bioland-baumschule.de\/wp-content\/uploads\/saefte_voelkel-150x150.webp 150w, https:\/\/bioland-baumschule.de\/wp-content\/uploads\/saefte_voelkel-50x50.webp 50w, https:\/\/bioland-baumschule.de\/wp-content\/uploads\/saefte_voelkel-56x56.webp 56w, https:\/\/bioland-baumschule.de\/wp-content\/uploads\/saefte_voelkel-250x250.webp 250w, https:\/\/bioland-baumschule.de\/wp-content\/uploads\/saefte_voelkel-40x40.webp 40w\" sizes=\"auto, (max-width: 150px) 100vw, 150px\" data-has-transparency=\"false\" data-dominant-color=\"7e6644\" style=\"--dominant-color: #7e6644;\" \/><\/a>\n\t\t\t<\/dt><\/dl><dl class='gallery-item'>\n\t\t\t<dt class='gallery-icon landscape'>\n\t\t\t\t<a href=\"https:\/\/bioland-baumschule.de\/?attachment_id=221\"><img loading=\"lazy\" decoding=\"async\" width=\"150\" height=\"150\" src=\"https:\/\/bioland-baumschule.de\/wp-content\/uploads\/wein_knobloch-150x150.webp\" class=\"attachment-thumbnail size-thumbnail not-transparent\" alt=\"\" srcset=\"https:\/\/bioland-baumschule.de\/wp-content\/uploads\/wein_knobloch-150x150.webp 150w, https:\/\/bioland-baumschule.de\/wp-content\/uploads\/wein_knobloch-50x50.webp 50w, https:\/\/bioland-baumschule.de\/wp-content\/uploads\/wein_knobloch-56x56.webp 56w, https:\/\/bioland-baumschule.de\/wp-content\/uploads\/wein_knobloch-250x250.webp 250w, https:\/\/bioland-baumschule.de\/wp-content\/uploads\/wein_knobloch-40x40.webp 40w\" sizes=\"auto, (max-width: 150px) 100vw, 150px\" data-has-transparency=\"false\" data-dominant-color=\"7a7673\" style=\"--dominant-color: #7a7673;\" \/><\/a>\n\t\t\t<\/dt><\/dl><dl class='gallery-item'>\n\t\t\t<dt class='gallery-icon landscape'>\n\t\t\t\t<a href=\"https:\/\/bioland-baumschule.de\/?attachment_id=234\"><img loading=\"lazy\" decoding=\"async\" width=\"150\" height=\"150\" src=\"https:\/\/bioland-baumschule.de\/wp-content\/uploads\/zwergenwiese-150x150.webp\" class=\"attachment-thumbnail size-thumbnail not-transparent\" alt=\"\" srcset=\"https:\/\/bioland-baumschule.de\/wp-content\/uploads\/zwergenwiese-150x150.webp 150w, https:\/\/bioland-baumschule.de\/wp-content\/uploads\/zwergenwiese-50x50.webp 50w, https:\/\/bioland-baumschule.de\/wp-content\/uploads\/zwergenwiese-56x56.webp 56w, https:\/\/bioland-baumschule.de\/wp-content\/uploads\/zwergenwiese-250x250.webp 250w, https:\/\/bioland-baumschule.de\/wp-content\/uploads\/zwergenwiese-40x40.webp 40w\" sizes=\"auto, (max-width: 150px) 100vw, 150px\" data-has-transparency=\"false\" data-dominant-color=\"896251\" style=\"--dominant-color: #896251;\" \/><\/a>\n\t\t\t<\/dt><\/dl><br style=\"clear: both\" \/><dl class='gallery-item'>\n\t\t\t<dt class='gallery-icon landscape'>\n\t\t\t\t<a href=\"https:\/\/bioland-baumschule.de\/?attachment_id=233\"><img loading=\"lazy\" decoding=\"async\" width=\"150\" height=\"150\" src=\"https:\/\/bioland-baumschule.de\/wp-content\/uploads\/oekoland_konserven-150x150.webp\" class=\"attachment-thumbnail size-thumbnail not-transparent\" alt=\"\" srcset=\"https:\/\/bioland-baumschule.de\/wp-content\/uploads\/oekoland_konserven-150x150.webp 150w, https:\/\/bioland-baumschule.de\/wp-content\/uploads\/oekoland_konserven-50x50.webp 50w, https:\/\/bioland-baumschule.de\/wp-content\/uploads\/oekoland_konserven-56x56.webp 56w, https:\/\/bioland-baumschule.de\/wp-content\/uploads\/oekoland_konserven-250x250.webp 250w, https:\/\/bioland-baumschule.de\/wp-content\/uploads\/oekoland_konserven-40x40.webp 40w\" sizes=\"auto, (max-width: 150px) 100vw, 150px\" data-has-transparency=\"false\" data-dominant-color=\"7f715c\" style=\"--dominant-color: #7f715c;\" \/><\/a>\n\t\t\t<\/dt><\/dl><dl class='gallery-item'>\n\t\t\t<dt class='gallery-icon landscape'>\n\t\t\t\t<a href=\"https:\/\/bioland-baumschule.de\/?attachment_id=215\"><img loading=\"lazy\" decoding=\"async\" width=\"150\" height=\"150\" src=\"https:\/\/bioland-baumschule.de\/wp-content\/uploads\/naturkostladen_II-150x150.webp\" class=\"attachment-thumbnail size-thumbnail not-transparent\" alt=\"\" srcset=\"https:\/\/bioland-baumschule.de\/wp-content\/uploads\/naturkostladen_II-150x150.webp 150w, https:\/\/bioland-baumschule.de\/wp-content\/uploads\/naturkostladen_II-50x50.webp 50w, https:\/\/bioland-baumschule.de\/wp-content\/uploads\/naturkostladen_II-56x56.webp 56w, https:\/\/bioland-baumschule.de\/wp-content\/uploads\/naturkostladen_II-250x250.webp 250w, https:\/\/bioland-baumschule.de\/wp-content\/uploads\/naturkostladen_II-40x40.webp 40w\" sizes=\"auto, (max-width: 150px) 100vw, 150px\" data-has-transparency=\"false\" data-dominant-color=\"87725b\" style=\"--dominant-color: #87725b;\" \/><\/a>\n\t\t\t<\/dt><\/dl><dl class='gallery-item'>\n\t\t\t<dt class='gallery-icon landscape'>\n\t\t\t\t<a href=\"https:\/\/bioland-baumschule.de\/?attachment_id=216\"><img loading=\"lazy\" decoding=\"async\" width=\"150\" height=\"150\" src=\"https:\/\/bioland-baumschule.de\/wp-content\/uploads\/naturkostladen-150x150.webp\" class=\"attachment-thumbnail size-thumbnail not-transparent\" alt=\"\" srcset=\"https:\/\/bioland-baumschule.de\/wp-content\/uploads\/naturkostladen-150x150.webp 150w, https:\/\/bioland-baumschule.de\/wp-content\/uploads\/naturkostladen-50x50.webp 50w, https:\/\/bioland-baumschule.de\/wp-content\/uploads\/naturkostladen-56x56.webp 56w, https:\/\/bioland-baumschule.de\/wp-content\/uploads\/naturkostladen-250x250.webp 250w, https:\/\/bioland-baumschule.de\/wp-content\/uploads\/naturkostladen-40x40.webp 40w\" sizes=\"auto, (max-width: 150px) 100vw, 150px\" data-has-transparency=\"false\" data-dominant-color=\"7e6f5c\" style=\"--dominant-color: #7e6f5c;\" \/><\/a>\n\t\t\t<\/dt><\/dl><dl class='gallery-item'>\n\t\t\t<dt class='gallery-icon landscape'>\n\t\t\t\t<a href=\"https:\/\/bioland-baumschule.de\/?attachment_id=236\"><img loading=\"lazy\" decoding=\"async\" width=\"150\" height=\"150\" src=\"https:\/\/bioland-baumschule.de\/wp-content\/uploads\/naturkost_11-150x150.webp\" class=\"attachment-thumbnail size-thumbnail not-transparent\" alt=\"\" srcset=\"https:\/\/bioland-baumschule.de\/wp-content\/uploads\/naturkost_11-150x150.webp 150w, https:\/\/bioland-baumschule.de\/wp-content\/uploads\/naturkost_11-50x50.webp 50w, https:\/\/bioland-baumschule.de\/wp-content\/uploads\/naturkost_11-56x56.webp 56w, https:\/\/bioland-baumschule.de\/wp-content\/uploads\/naturkost_11-250x250.webp 250w, https:\/\/bioland-baumschule.de\/wp-content\/uploads\/naturkost_11-40x40.webp 40w\" sizes=\"auto, (max-width: 150px) 100vw, 150px\" data-has-transparency=\"false\" data-dominant-color=\"888c81\" style=\"--dominant-color: #888c81;\" \/><\/a>\n\t\t\t<\/dt><\/dl><br style=\"clear: both\" \/>\n\t\t<\/div>\n\n<p>\u00dcberzeugen Sie sich selbst &#8211; wir freuen uns auf Ihren Besuch!<\/p>\n","protected":false},"excerpt":{"rendered":"<p>Seit Fr\u00fchjahr 1997 bietet der Ginkgo-Naturkostladen ein breites Lebensmittelsortiment aus kontrolliert-biologischem Anbau und entsprechender Verarbeitung [&hellip;]<\/p>\n","protected":false},"author":1,"featured_media":210,"parent":0,"menu_order":0,"comment_status":"closed","ping_status":"closed","template":"template-full.php","meta":{"footnotes":""},"class_list":["post-27","page","type-page","status-publish","has-post-thumbnail","hentry"],"_links":{"self":[{"href":"https:\/\/bioland-baumschule.de\/index.php?rest_route=\/wp\/v2\/pages\/27","targetHints":{"allow":["GET"]}}],"collection":[{"href":"https:\/\/bioland-baumschule.de\/index.php?rest_route=\/wp\/v2\/pages"}],"about":[{"href":"https:\/\/bioland-baumschule.de\/index.php?rest_route=\/wp\/v2\/types\/page"}],"author":[{"embeddable":true,"href":"https:\/\/bioland-baumschule.de\/index.php?rest_route=\/wp\/v2\/users\/1"}],"replies":[{"embeddable":true,"href":"https:\/\/bioland-baumschule.de\/index.php?rest_route=%2Fwp%2Fv2%2Fcomments&post=27"}],"version-history":[{"count":12,"href":"https:\/\/bioland-baumschule.de\/index.php?rest_route=\/wp\/v2\/pages\/27\/revisions"}],"predecessor-version":[{"id":212,"href":"https:\/\/bioland-baumschule.de\/index.php?rest_route=\/wp\/v2\/pages\/27\/revisions\/212"}],"wp:featuredmedia":[{"embeddable":true,"href":"https:\/\/bioland-baumschule.de\/index.php?rest_route=\/wp\/v2\/media\/210"}],"wp:attachment":[{"href":"https:\/\/bioland-baumschule.de\/index.php?rest_route=%2Fwp%2Fv2%2Fmedia&parent=27"}],"curies":[{"name":"wp","href":"https:\/\/api.w.org\/{rel}","templated":true}]}}