{"id":16,"date":"2013-03-13T11:08:51","date_gmt":"2013-03-13T09:08:51","guid":{"rendered":"http:\/\/www1.localhost:8080\/wordpress\/?page_id=16"},"modified":"2021-05-09T15:29:53","modified_gmt":"2021-05-09T13:29:53","slug":"sortiment","status":"publish","type":"page","link":"https:\/\/bioland-baumschule.de\/?page_id=16","title":{"rendered":"Sortiment"},"content":{"rendered":"<p>Hier k\u00f6nnen Sie sich unsere Bestandslisten als PDF-Dokument herunterladen &#8211; klicken Sie dazu auf das Bild. Die Listen enth\u00e4lt Informationen \u00fcber den botanischen &amp; deutschen Name, Qualit\u00e4t, Gr\u00f6\u00dfe bzw. Stammumfang sowie die lieferbare Menge.<\/p>\n<p>&nbsp;<\/p>\n<p><a title=\"Gesamtbestand\" href=\"https:\/\/bioland-baumschule.de\/wp-content\/uploads\/Gesamtbestand_2021-05-09.pdf\" target=\"_blank\"><strong>Gesamtbestand<br \/>\n<\/strong><\/a><a href=\"https:\/\/bioland-baumschule.de\/wp-content\/uploads\/Gesamtbestand_2021-05-09.pdf\" target=\"_blank\"><img data-dominant-color=\"8a7e36\" data-has-transparency=\"false\" style=\"--dominant-color: #8a7e36;\" loading=\"lazy\" decoding=\"async\" class=\"not-transparent alignnone wp-image-91\" src=\"https:\/\/bioland-baumschule.de\/wp-content\/uploads\/ChaenomCido-150x150.jpg\" alt=\"ChaenomCido\" width=\"150\" height=\"150\" \/><\/a><\/p>\n<p>&nbsp;<\/p>\n<p>Die aktuelle Version des Adobe-Readers k\u00f6nnen Sie <a href=\"http:\/\/get.adobe.com\/de\/reader\/\" target=\"_blank\" rel=\"noopener\">hier<\/a> kostenlos herunterladen.<\/p>\n","protected":false},"excerpt":{"rendered":"<p>Hier k\u00f6nnen Sie sich unsere Bestandslisten als PDF-Dokument herunterladen &#8211; klicken Sie dazu auf das [&hellip;]<\/p>\n","protected":false},"author":1,"featured_media":610,"parent":0,"menu_order":0,"comment_status":"closed","ping_status":"closed","template":"template-full.php","meta":{"footnotes":""},"class_list":["post-16","page","type-page","status-publish","has-post-thumbnail","hentry"],"_links":{"self":[{"href":"https:\/\/bioland-baumschule.de\/index.php?rest_route=\/wp\/v2\/pages\/16","targetHints":{"allow":["GET"]}}],"collection":[{"href":"https:\/\/bioland-baumschule.de\/index.php?rest_route=\/wp\/v2\/pages"}],"about":[{"href":"https:\/\/bioland-baumschule.de\/index.php?rest_route=\/wp\/v2\/types\/page"}],"author":[{"embeddable":true,"href":"https:\/\/bioland-baumschule.de\/index.php?rest_route=\/wp\/v2\/users\/1"}],"replies":[{"embeddable":true,"href":"https:\/\/bioland-baumschule.de\/index.php?rest_route=%2Fwp%2Fv2%2Fcomments&post=16"}],"version-history":[{"count":61,"href":"https:\/\/bioland-baumschule.de\/index.php?rest_route=\/wp\/v2\/pages\/16\/revisions"}],"predecessor-version":[{"id":942,"href":"https:\/\/bioland-baumschule.de\/index.php?rest_route=\/wp\/v2\/pages\/16\/revisions\/942"}],"wp:featuredmedia":[{"embeddable":true,"href":"https:\/\/bioland-baumschule.de\/index.php?rest_route=\/wp\/v2\/media\/610"}],"wp:attachment":[{"href":"https:\/\/bioland-baumschule.de\/index.php?rest_route=%2Fwp%2Fv2%2Fmedia&parent=16"}],"curies":[{"name":"wp","href":"https:\/\/api.w.org\/{rel}","templated":true}]}}